{"id":19658,"date":"2023-09-28T04:09:13","date_gmt":"2023-09-28T08:09:13","guid":{"rendered":"https:\/\/foodbuycanadev.wpengine.com\/?page_id=19658"},"modified":"2025-01-10T05:32:53","modified_gmt":"2025-01-10T10:32:53","slug":"camps","status":"publish","type":"page","link":"https:\/\/www.foodbuy.ca\/fr\/clients\/camps\/","title":{"rendered":"Camps"},"content":{"rendered":"","protected":false},"excerpt":{"rendered":"<p>Concierge by Foodbuy offre un service exceptionnel, une valeur ajout\u00e9e et des \u00e9conomies gr\u00e2ce \u00e0 des solutions d&rsquo;approvisionnement con\u00e7ues pour r\u00e9pondre aux besoins uniques de votre entreprise.<\/p>\n","protected":false},"author":7,"featured_media":17321,"parent":18717,"menu_order":0,"comment_status":"closed","ping_status":"closed","template":"","meta":{"_acf_changed":false,"footnotes":""},"class_list":["post-19658","page","type-page","status-publish","has-post-thumbnail","hentry"],"acf":[],"yoast_head":"<!-- This site is optimized with the Yoast SEO plugin v27.5 - https:\/\/yoast.com\/product\/yoast-seo-wordpress\/ -->\n<title>Camps | Foodbuy Canada<\/title>\n<meta name=\"description\" content=\"Foodbuy Hospitality offre une combinaison unique de services exceptionnels et de solutions d&#039;approvisionnement qui permettent \u00e0 votre entreprise de se d\u00e9marquer.\" \/>\n<meta name=\"robots\" content=\"noindex, follow\" \/>\n<meta property=\"og:locale\" content=\"fr_FR\" \/>\n<meta property=\"og:type\" content=\"article\" \/>\n<meta property=\"og:title\" content=\"Camps | Foodbuy Canada\" \/>\n<meta property=\"og:description\" content=\"Foodbuy Hospitality offre une combinaison unique de services exceptionnels et de solutions d&#039;approvisionnement qui permettent \u00e0 votre entreprise de se d\u00e9marquer.\" \/>\n<meta property=\"og:url\" content=\"https:\/\/www.foodbuy.ca\/fr\/clients\/camps\/\" \/>\n<meta property=\"og:site_name\" content=\"Foodbuy Canada\" \/>\n<meta property=\"article:modified_time\" content=\"2025-01-10T10:32:53+00:00\" \/>\n<meta property=\"og:image\" content=\"https:\/\/www.foodbuy.ca\/wp-content\/uploads\/2018\/08\/Hospitality-Leisure-e1538057475722.jpg\" \/>\n\t<meta property=\"og:image:width\" content=\"1440\" \/>\n\t<meta property=\"og:image:height\" content=\"960\" \/>\n\t<meta property=\"og:image:type\" content=\"image\/jpeg\" \/>\n<meta name=\"twitter:card\" content=\"summary_large_image\" \/>\n<meta name=\"twitter:label1\" content=\"Dur\u00e9e de lecture estim\u00e9e\" \/>\n\t<meta name=\"twitter:data1\" content=\"1 minute\" \/>\n<script type=\"application\/ld+json\" class=\"yoast-schema-graph\">{\"@context\":\"https:\\\/\\\/schema.org\",\"@graph\":[{\"@type\":\"WebPage\",\"@id\":\"https:\\\/\\\/www.foodbuy.ca\\\/fr\\\/clients\\\/camps\\\/\",\"url\":\"https:\\\/\\\/www.foodbuy.ca\\\/fr\\\/clients\\\/camps\\\/\",\"name\":\"Camps | Foodbuy Canada\",\"isPartOf\":{\"@id\":\"https:\\\/\\\/www.foodbuy.ca\\\/fr\\\/#website\"},\"primaryImageOfPage\":{\"@id\":\"https:\\\/\\\/www.foodbuy.ca\\\/fr\\\/clients\\\/camps\\\/#primaryimage\"},\"image\":{\"@id\":\"https:\\\/\\\/www.foodbuy.ca\\\/fr\\\/clients\\\/camps\\\/#primaryimage\"},\"thumbnailUrl\":\"https:\\\/\\\/www.foodbuy.ca\\\/wp-content\\\/uploads\\\/2018\\\/08\\\/Hospitality-Leisure-e1538057475722.jpg\",\"datePublished\":\"2023-09-28T08:09:13+00:00\",\"dateModified\":\"2025-01-10T10:32:53+00:00\",\"description\":\"Foodbuy Hospitality offre une combinaison unique de services exceptionnels et de solutions d'approvisionnement qui permettent \u00e0 votre entreprise de se d\u00e9marquer.\",\"breadcrumb\":{\"@id\":\"https:\\\/\\\/www.foodbuy.ca\\\/fr\\\/clients\\\/camps\\\/#breadcrumb\"},\"inLanguage\":\"fr-FR\",\"potentialAction\":[{\"@type\":\"ReadAction\",\"target\":[\"https:\\\/\\\/www.foodbuy.ca\\\/fr\\\/clients\\\/camps\\\/\"]}]},{\"@type\":\"ImageObject\",\"inLanguage\":\"fr-FR\",\"@id\":\"https:\\\/\\\/www.foodbuy.ca\\\/fr\\\/clients\\\/camps\\\/#primaryimage\",\"url\":\"https:\\\/\\\/www.foodbuy.ca\\\/wp-content\\\/uploads\\\/2018\\\/08\\\/Hospitality-Leisure-e1538057475722.jpg\",\"contentUrl\":\"https:\\\/\\\/www.foodbuy.ca\\\/wp-content\\\/uploads\\\/2018\\\/08\\\/Hospitality-Leisure-e1538057475722.jpg\",\"width\":1440,\"height\":960},{\"@type\":\"BreadcrumbList\",\"@id\":\"https:\\\/\\\/www.foodbuy.ca\\\/fr\\\/clients\\\/camps\\\/#breadcrumb\",\"itemListElement\":[{\"@type\":\"ListItem\",\"position\":1,\"name\":\"Accueil\",\"item\":\"https:\\\/\\\/www.foodbuy.ca\\\/fr\\\/\"},{\"@type\":\"ListItem\",\"position\":2,\"name\":\"Clients\",\"item\":\"https:\\\/\\\/www.foodbuy.ca\\\/fr\\\/clients\\\/\"},{\"@type\":\"ListItem\",\"position\":3,\"name\":\"Camps\"}]},{\"@type\":\"WebSite\",\"@id\":\"https:\\\/\\\/www.foodbuy.ca\\\/fr\\\/#website\",\"url\":\"https:\\\/\\\/www.foodbuy.ca\\\/fr\\\/\",\"name\":\"Foodbuy Canada\",\"description\":\"\",\"publisher\":{\"@id\":\"https:\\\/\\\/www.foodbuy.ca\\\/fr\\\/#organization\"},\"potentialAction\":[{\"@type\":\"SearchAction\",\"target\":{\"@type\":\"EntryPoint\",\"urlTemplate\":\"https:\\\/\\\/www.foodbuy.ca\\\/fr\\\/?s={search_term_string}\"},\"query-input\":{\"@type\":\"PropertyValueSpecification\",\"valueRequired\":true,\"valueName\":\"search_term_string\"}}],\"inLanguage\":\"fr-FR\"},{\"@type\":\"Organization\",\"@id\":\"https:\\\/\\\/www.foodbuy.ca\\\/fr\\\/#organization\",\"name\":\"Foodbuy\",\"url\":\"https:\\\/\\\/www.foodbuy.ca\\\/fr\\\/\",\"logo\":{\"@type\":\"ImageObject\",\"inLanguage\":\"fr-FR\",\"@id\":\"https:\\\/\\\/www.foodbuy.ca\\\/fr\\\/#\\\/schema\\\/logo\\\/image\\\/\",\"url\":\"https:\\\/\\\/www.foodbuy.ca\\\/wp-content\\\/uploads\\\/2021\\\/12\\\/Foodbuy_USA_Open_Graph_Image.jpg\",\"contentUrl\":\"https:\\\/\\\/www.foodbuy.ca\\\/wp-content\\\/uploads\\\/2021\\\/12\\\/Foodbuy_USA_Open_Graph_Image.jpg\",\"width\":1200,\"height\":630,\"caption\":\"Foodbuy\"},\"image\":{\"@id\":\"https:\\\/\\\/www.foodbuy.ca\\\/fr\\\/#\\\/schema\\\/logo\\\/image\\\/\"}}]}<\/script>\n<!-- \/ Yoast SEO plugin. -->","yoast_head_json":{"title":"Camps | Foodbuy Canada","description":"Foodbuy Hospitality offre une combinaison unique de services exceptionnels et de solutions d'approvisionnement qui permettent \u00e0 votre entreprise de se d\u00e9marquer.","robots":{"index":"noindex","follow":"follow"},"og_locale":"fr_FR","og_type":"article","og_title":"Camps | Foodbuy Canada","og_description":"Foodbuy Hospitality offre une combinaison unique de services exceptionnels et de solutions d'approvisionnement qui permettent \u00e0 votre entreprise de se d\u00e9marquer.","og_url":"https:\/\/www.foodbuy.ca\/fr\/clients\/camps\/","og_site_name":"Foodbuy Canada","article_modified_time":"2025-01-10T10:32:53+00:00","og_image":[{"width":1440,"height":960,"url":"https:\/\/www.foodbuy.ca\/wp-content\/uploads\/2018\/08\/Hospitality-Leisure-e1538057475722.jpg","type":"image\/jpeg"}],"twitter_card":"summary_large_image","twitter_misc":{"Dur\u00e9e de lecture estim\u00e9e":"1 minute"},"schema":{"@context":"https:\/\/schema.org","@graph":[{"@type":"WebPage","@id":"https:\/\/www.foodbuy.ca\/fr\/clients\/camps\/","url":"https:\/\/www.foodbuy.ca\/fr\/clients\/camps\/","name":"Camps | Foodbuy Canada","isPartOf":{"@id":"https:\/\/www.foodbuy.ca\/fr\/#website"},"primaryImageOfPage":{"@id":"https:\/\/www.foodbuy.ca\/fr\/clients\/camps\/#primaryimage"},"image":{"@id":"https:\/\/www.foodbuy.ca\/fr\/clients\/camps\/#primaryimage"},"thumbnailUrl":"https:\/\/www.foodbuy.ca\/wp-content\/uploads\/2018\/08\/Hospitality-Leisure-e1538057475722.jpg","datePublished":"2023-09-28T08:09:13+00:00","dateModified":"2025-01-10T10:32:53+00:00","description":"Foodbuy Hospitality offre une combinaison unique de services exceptionnels et de solutions d'approvisionnement qui permettent \u00e0 votre entreprise de se d\u00e9marquer.","breadcrumb":{"@id":"https:\/\/www.foodbuy.ca\/fr\/clients\/camps\/#breadcrumb"},"inLanguage":"fr-FR","potentialAction":[{"@type":"ReadAction","target":["https:\/\/www.foodbuy.ca\/fr\/clients\/camps\/"]}]},{"@type":"ImageObject","inLanguage":"fr-FR","@id":"https:\/\/www.foodbuy.ca\/fr\/clients\/camps\/#primaryimage","url":"https:\/\/www.foodbuy.ca\/wp-content\/uploads\/2018\/08\/Hospitality-Leisure-e1538057475722.jpg","contentUrl":"https:\/\/www.foodbuy.ca\/wp-content\/uploads\/2018\/08\/Hospitality-Leisure-e1538057475722.jpg","width":1440,"height":960},{"@type":"BreadcrumbList","@id":"https:\/\/www.foodbuy.ca\/fr\/clients\/camps\/#breadcrumb","itemListElement":[{"@type":"ListItem","position":1,"name":"Accueil","item":"https:\/\/www.foodbuy.ca\/fr\/"},{"@type":"ListItem","position":2,"name":"Clients","item":"https:\/\/www.foodbuy.ca\/fr\/clients\/"},{"@type":"ListItem","position":3,"name":"Camps"}]},{"@type":"WebSite","@id":"https:\/\/www.foodbuy.ca\/fr\/#website","url":"https:\/\/www.foodbuy.ca\/fr\/","name":"Foodbuy Canada","description":"","publisher":{"@id":"https:\/\/www.foodbuy.ca\/fr\/#organization"},"potentialAction":[{"@type":"SearchAction","target":{"@type":"EntryPoint","urlTemplate":"https:\/\/www.foodbuy.ca\/fr\/?s={search_term_string}"},"query-input":{"@type":"PropertyValueSpecification","valueRequired":true,"valueName":"search_term_string"}}],"inLanguage":"fr-FR"},{"@type":"Organization","@id":"https:\/\/www.foodbuy.ca\/fr\/#organization","name":"Foodbuy","url":"https:\/\/www.foodbuy.ca\/fr\/","logo":{"@type":"ImageObject","inLanguage":"fr-FR","@id":"https:\/\/www.foodbuy.ca\/fr\/#\/schema\/logo\/image\/","url":"https:\/\/www.foodbuy.ca\/wp-content\/uploads\/2021\/12\/Foodbuy_USA_Open_Graph_Image.jpg","contentUrl":"https:\/\/www.foodbuy.ca\/wp-content\/uploads\/2021\/12\/Foodbuy_USA_Open_Graph_Image.jpg","width":1200,"height":630,"caption":"Foodbuy"},"image":{"@id":"https:\/\/www.foodbuy.ca\/fr\/#\/schema\/logo\/image\/"}}]}},"_links":{"self":[{"href":"https:\/\/www.foodbuy.ca\/fr\/wp-json\/wp\/v2\/pages\/19658","targetHints":{"allow":["GET"]}}],"collection":[{"href":"https:\/\/www.foodbuy.ca\/fr\/wp-json\/wp\/v2\/pages"}],"about":[{"href":"https:\/\/www.foodbuy.ca\/fr\/wp-json\/wp\/v2\/types\/page"}],"author":[{"embeddable":true,"href":"https:\/\/www.foodbuy.ca\/fr\/wp-json\/wp\/v2\/users\/7"}],"replies":[{"embeddable":true,"href":"https:\/\/www.foodbuy.ca\/fr\/wp-json\/wp\/v2\/comments?post=19658"}],"version-history":[{"count":0,"href":"https:\/\/www.foodbuy.ca\/fr\/wp-json\/wp\/v2\/pages\/19658\/revisions"}],"up":[{"embeddable":true,"href":"https:\/\/www.foodbuy.ca\/fr\/wp-json\/wp\/v2\/pages\/18717"}],"wp:featuredmedia":[{"embeddable":true,"href":"https:\/\/www.foodbuy.ca\/fr\/wp-json\/wp\/v2\/media\/17321"}],"wp:attachment":[{"href":"https:\/\/www.foodbuy.ca\/fr\/wp-json\/wp\/v2\/media?parent=19658"}],"curies":[{"name":"wp","href":"https:\/\/api.w.org\/{rel}","templated":true}]}}