{"id":18832,"date":"2023-06-14T08:19:40","date_gmt":"2023-06-14T12:19:40","guid":{"rendered":"https:\/\/foodbuycanadev.wpengine.com\/solutions\/solutions-culinaires\/"},"modified":"2023-12-06T14:12:15","modified_gmt":"2023-12-06T19:12:15","slug":"solutions-culinaires","status":"publish","type":"page","link":"https:\/\/www.foodbuy.ca\/fr\/solutions\/solutions-culinaires\/","title":{"rendered":"Solutions culinaires"},"content":{"rendered":"","protected":false},"excerpt":{"rendered":"<p>De chef \u00e0 chef, nous optimiserons vos op\u00e9rations culinaires en affinant votre processus actuel et en d\u00e9veloppant un mod\u00e8le de conseil qui promet une valeur substantielle.<\/p>\n","protected":false},"author":74,"featured_media":17281,"parent":18710,"menu_order":0,"comment_status":"closed","ping_status":"closed","template":"","meta":{"_acf_changed":false,"footnotes":""},"class_list":["post-18832","page","type-page","status-publish","has-post-thumbnail","hentry"],"acf":[],"yoast_head":"<!-- This site is optimized with the Yoast SEO plugin v27.2 - https:\/\/yoast.com\/product\/yoast-seo-wordpress\/ -->\n<title>Solutions culinaires | Foodbuy Canada<\/title>\n<meta name=\"description\" content=\"Culinary Solutions comble le foss\u00e9 entre les chefs et les acheteurs en fournissant des conseils culinaires d&#039;experts pour am\u00e9liorer l&#039;efficacit\u00e9 op\u00e9rationnelle.\" \/>\n<meta name=\"robots\" content=\"index, follow, max-snippet:-1, max-image-preview:large, max-video-preview:-1\" \/>\n<link rel=\"canonical\" href=\"https:\/\/www.foodbuy.ca\/fr\/solutions\/solutions-culinaires\/\" \/>\n<meta property=\"og:locale\" content=\"fr_FR\" \/>\n<meta property=\"og:type\" content=\"article\" \/>\n<meta property=\"og:title\" content=\"Solutions culinaires | Foodbuy Canada\" \/>\n<meta property=\"og:description\" content=\"Culinary Solutions comble le foss\u00e9 entre les chefs et les acheteurs en fournissant des conseils culinaires d&#039;experts pour am\u00e9liorer l&#039;efficacit\u00e9 op\u00e9rationnelle.\" \/>\n<meta property=\"og:url\" content=\"https:\/\/www.foodbuy.ca\/fr\/solutions\/solutions-culinaires\/\" \/>\n<meta property=\"og:site_name\" content=\"Foodbuy Canada\" \/>\n<meta property=\"article:modified_time\" content=\"2023-12-06T19:12:15+00:00\" \/>\n<meta property=\"og:image\" content=\"https:\/\/www.foodbuy.ca\/wp-content\/uploads\/2018\/08\/culinary-solutions-hero.jpg\" \/>\n\t<meta property=\"og:image:width\" content=\"1440\" \/>\n\t<meta property=\"og:image:height\" content=\"740\" \/>\n\t<meta property=\"og:image:type\" content=\"image\/jpeg\" \/>\n<meta name=\"twitter:card\" content=\"summary_large_image\" \/>\n<script type=\"application\/ld+json\" class=\"yoast-schema-graph\">{\"@context\":\"https:\/\/schema.org\",\"@graph\":[{\"@type\":\"WebPage\",\"@id\":\"https:\/\/www.foodbuy.ca\/fr\/solutions\/solutions-culinaires\/\",\"url\":\"https:\/\/www.foodbuy.ca\/fr\/solutions\/solutions-culinaires\/\",\"name\":\"Solutions culinaires | Foodbuy Canada\",\"isPartOf\":{\"@id\":\"https:\/\/www.foodbuy.ca\/fr\/#website\"},\"primaryImageOfPage\":{\"@id\":\"https:\/\/www.foodbuy.ca\/fr\/solutions\/solutions-culinaires\/#primaryimage\"},\"image\":{\"@id\":\"https:\/\/www.foodbuy.ca\/fr\/solutions\/solutions-culinaires\/#primaryimage\"},\"thumbnailUrl\":\"https:\/\/www.foodbuy.ca\/wp-content\/uploads\/2018\/08\/culinary-solutions-hero.jpg\",\"datePublished\":\"2023-06-14T12:19:40+00:00\",\"dateModified\":\"2023-12-06T19:12:15+00:00\",\"description\":\"Culinary Solutions comble le foss\u00e9 entre les chefs et les acheteurs en fournissant des conseils culinaires d'experts pour am\u00e9liorer l'efficacit\u00e9 op\u00e9rationnelle.\",\"breadcrumb\":{\"@id\":\"https:\/\/www.foodbuy.ca\/fr\/solutions\/solutions-culinaires\/#breadcrumb\"},\"inLanguage\":\"fr-FR\",\"potentialAction\":[{\"@type\":\"ReadAction\",\"target\":[\"https:\/\/www.foodbuy.ca\/fr\/solutions\/solutions-culinaires\/\"]}]},{\"@type\":\"ImageObject\",\"inLanguage\":\"fr-FR\",\"@id\":\"https:\/\/www.foodbuy.ca\/fr\/solutions\/solutions-culinaires\/#primaryimage\",\"url\":\"https:\/\/www.foodbuy.ca\/wp-content\/uploads\/2018\/08\/culinary-solutions-hero.jpg\",\"contentUrl\":\"https:\/\/www.foodbuy.ca\/wp-content\/uploads\/2018\/08\/culinary-solutions-hero.jpg\",\"width\":1440,\"height\":740,\"caption\":\"Culinary Solutions at Foodbuy\"},{\"@type\":\"BreadcrumbList\",\"@id\":\"https:\/\/www.foodbuy.ca\/fr\/solutions\/solutions-culinaires\/#breadcrumb\",\"itemListElement\":[{\"@type\":\"ListItem\",\"position\":1,\"name\":\"Accueil\",\"item\":\"https:\/\/www.foodbuy.ca\/fr\/\"},{\"@type\":\"ListItem\",\"position\":2,\"name\":\"Solutions\",\"item\":\"https:\/\/www.foodbuy.ca\/fr\/solutions\/\"},{\"@type\":\"ListItem\",\"position\":3,\"name\":\"Solutions culinaires\"}]},{\"@type\":\"WebSite\",\"@id\":\"https:\/\/www.foodbuy.ca\/fr\/#website\",\"url\":\"https:\/\/www.foodbuy.ca\/fr\/\",\"name\":\"Foodbuy Canada\",\"description\":\"\",\"publisher\":{\"@id\":\"https:\/\/www.foodbuy.ca\/fr\/#organization\"},\"potentialAction\":[{\"@type\":\"SearchAction\",\"target\":{\"@type\":\"EntryPoint\",\"urlTemplate\":\"https:\/\/www.foodbuy.ca\/fr\/?s={search_term_string}\"},\"query-input\":{\"@type\":\"PropertyValueSpecification\",\"valueRequired\":true,\"valueName\":\"search_term_string\"}}],\"inLanguage\":\"fr-FR\"},{\"@type\":\"Organization\",\"@id\":\"https:\/\/www.foodbuy.ca\/fr\/#organization\",\"name\":\"Foodbuy\",\"url\":\"https:\/\/www.foodbuy.ca\/fr\/\",\"logo\":{\"@type\":\"ImageObject\",\"inLanguage\":\"fr-FR\",\"@id\":\"https:\/\/www.foodbuy.ca\/fr\/#\/schema\/logo\/image\/\",\"url\":\"https:\/\/foodbuy.wpengine.com\/wp-content\/uploads\/2021\/12\/Foodbuy_USA_Open_Graph_Image.jpg\",\"contentUrl\":\"https:\/\/foodbuy.wpengine.com\/wp-content\/uploads\/2021\/12\/Foodbuy_USA_Open_Graph_Image.jpg\",\"width\":1200,\"height\":630,\"caption\":\"Foodbuy\"},\"image\":{\"@id\":\"https:\/\/www.foodbuy.ca\/fr\/#\/schema\/logo\/image\/\"}}]}<\/script>\n<!-- \/ Yoast SEO plugin. -->","yoast_head_json":{"title":"Solutions culinaires | Foodbuy Canada","description":"Culinary Solutions comble le foss\u00e9 entre les chefs et les acheteurs en fournissant des conseils culinaires d'experts pour am\u00e9liorer l'efficacit\u00e9 op\u00e9rationnelle.","robots":{"index":"index","follow":"follow","max-snippet":"max-snippet:-1","max-image-preview":"max-image-preview:large","max-video-preview":"max-video-preview:-1"},"canonical":"https:\/\/www.foodbuy.ca\/fr\/solutions\/solutions-culinaires\/","og_locale":"fr_FR","og_type":"article","og_title":"Solutions culinaires | Foodbuy Canada","og_description":"Culinary Solutions comble le foss\u00e9 entre les chefs et les acheteurs en fournissant des conseils culinaires d'experts pour am\u00e9liorer l'efficacit\u00e9 op\u00e9rationnelle.","og_url":"https:\/\/www.foodbuy.ca\/fr\/solutions\/solutions-culinaires\/","og_site_name":"Foodbuy Canada","article_modified_time":"2023-12-06T19:12:15+00:00","og_image":[{"width":1440,"height":740,"url":"https:\/\/www.foodbuy.ca\/wp-content\/uploads\/2018\/08\/culinary-solutions-hero.jpg","type":"image\/jpeg"}],"twitter_card":"summary_large_image","schema":{"@context":"https:\/\/schema.org","@graph":[{"@type":"WebPage","@id":"https:\/\/www.foodbuy.ca\/fr\/solutions\/solutions-culinaires\/","url":"https:\/\/www.foodbuy.ca\/fr\/solutions\/solutions-culinaires\/","name":"Solutions culinaires | Foodbuy Canada","isPartOf":{"@id":"https:\/\/www.foodbuy.ca\/fr\/#website"},"primaryImageOfPage":{"@id":"https:\/\/www.foodbuy.ca\/fr\/solutions\/solutions-culinaires\/#primaryimage"},"image":{"@id":"https:\/\/www.foodbuy.ca\/fr\/solutions\/solutions-culinaires\/#primaryimage"},"thumbnailUrl":"https:\/\/www.foodbuy.ca\/wp-content\/uploads\/2018\/08\/culinary-solutions-hero.jpg","datePublished":"2023-06-14T12:19:40+00:00","dateModified":"2023-12-06T19:12:15+00:00","description":"Culinary Solutions comble le foss\u00e9 entre les chefs et les acheteurs en fournissant des conseils culinaires d'experts pour am\u00e9liorer l'efficacit\u00e9 op\u00e9rationnelle.","breadcrumb":{"@id":"https:\/\/www.foodbuy.ca\/fr\/solutions\/solutions-culinaires\/#breadcrumb"},"inLanguage":"fr-FR","potentialAction":[{"@type":"ReadAction","target":["https:\/\/www.foodbuy.ca\/fr\/solutions\/solutions-culinaires\/"]}]},{"@type":"ImageObject","inLanguage":"fr-FR","@id":"https:\/\/www.foodbuy.ca\/fr\/solutions\/solutions-culinaires\/#primaryimage","url":"https:\/\/www.foodbuy.ca\/wp-content\/uploads\/2018\/08\/culinary-solutions-hero.jpg","contentUrl":"https:\/\/www.foodbuy.ca\/wp-content\/uploads\/2018\/08\/culinary-solutions-hero.jpg","width":1440,"height":740,"caption":"Culinary Solutions at Foodbuy"},{"@type":"BreadcrumbList","@id":"https:\/\/www.foodbuy.ca\/fr\/solutions\/solutions-culinaires\/#breadcrumb","itemListElement":[{"@type":"ListItem","position":1,"name":"Accueil","item":"https:\/\/www.foodbuy.ca\/fr\/"},{"@type":"ListItem","position":2,"name":"Solutions","item":"https:\/\/www.foodbuy.ca\/fr\/solutions\/"},{"@type":"ListItem","position":3,"name":"Solutions culinaires"}]},{"@type":"WebSite","@id":"https:\/\/www.foodbuy.ca\/fr\/#website","url":"https:\/\/www.foodbuy.ca\/fr\/","name":"Foodbuy Canada","description":"","publisher":{"@id":"https:\/\/www.foodbuy.ca\/fr\/#organization"},"potentialAction":[{"@type":"SearchAction","target":{"@type":"EntryPoint","urlTemplate":"https:\/\/www.foodbuy.ca\/fr\/?s={search_term_string}"},"query-input":{"@type":"PropertyValueSpecification","valueRequired":true,"valueName":"search_term_string"}}],"inLanguage":"fr-FR"},{"@type":"Organization","@id":"https:\/\/www.foodbuy.ca\/fr\/#organization","name":"Foodbuy","url":"https:\/\/www.foodbuy.ca\/fr\/","logo":{"@type":"ImageObject","inLanguage":"fr-FR","@id":"https:\/\/www.foodbuy.ca\/fr\/#\/schema\/logo\/image\/","url":"https:\/\/foodbuy.wpengine.com\/wp-content\/uploads\/2021\/12\/Foodbuy_USA_Open_Graph_Image.jpg","contentUrl":"https:\/\/foodbuy.wpengine.com\/wp-content\/uploads\/2021\/12\/Foodbuy_USA_Open_Graph_Image.jpg","width":1200,"height":630,"caption":"Foodbuy"},"image":{"@id":"https:\/\/www.foodbuy.ca\/fr\/#\/schema\/logo\/image\/"}}]}},"_links":{"self":[{"href":"https:\/\/www.foodbuy.ca\/fr\/wp-json\/wp\/v2\/pages\/18832","targetHints":{"allow":["GET"]}}],"collection":[{"href":"https:\/\/www.foodbuy.ca\/fr\/wp-json\/wp\/v2\/pages"}],"about":[{"href":"https:\/\/www.foodbuy.ca\/fr\/wp-json\/wp\/v2\/types\/page"}],"author":[{"embeddable":true,"href":"https:\/\/www.foodbuy.ca\/fr\/wp-json\/wp\/v2\/users\/74"}],"replies":[{"embeddable":true,"href":"https:\/\/www.foodbuy.ca\/fr\/wp-json\/wp\/v2\/comments?post=18832"}],"version-history":[{"count":0,"href":"https:\/\/www.foodbuy.ca\/fr\/wp-json\/wp\/v2\/pages\/18832\/revisions"}],"up":[{"embeddable":true,"href":"https:\/\/www.foodbuy.ca\/fr\/wp-json\/wp\/v2\/pages\/18710"}],"wp:featuredmedia":[{"embeddable":true,"href":"https:\/\/www.foodbuy.ca\/fr\/wp-json\/wp\/v2\/media\/17281"}],"wp:attachment":[{"href":"https:\/\/www.foodbuy.ca\/fr\/wp-json\/wp\/v2\/media?parent=18832"}],"curies":[{"name":"wp","href":"https:\/\/api.w.org\/{rel}","templated":true}]}}