{"id":18719,"date":"2023-05-30T04:35:12","date_gmt":"2023-05-30T08:35:12","guid":{"rendered":"https:\/\/foodbuycanadev.wpengine.com\/clients\/soins-de-sante\/"},"modified":"2025-03-12T08:38:45","modified_gmt":"2025-03-12T12:38:45","slug":"secteur-sante","status":"publish","type":"page","link":"https:\/\/www.foodbuy.ca\/fr\/clients\/secteur-sante\/","title":{"rendered":"Secteur Sante"},"content":{"rendered":"","protected":false},"excerpt":{"rendered":"<p>Foodbuy maximise la valeur en fournissant des produits et des services de qualit\u00e9 sup\u00e9rieure qui assureront le bon fonctionnement de votre entreprise et vous permettront de vous concentrer sur ce qui est le plus important : vos clients.<\/p>\n","protected":false},"author":74,"featured_media":0,"parent":18717,"menu_order":0,"comment_status":"closed","ping_status":"closed","template":"","meta":{"_acf_changed":false,"footnotes":""},"class_list":["post-18719","page","type-page","status-publish","hentry"],"acf":[],"yoast_head":"<!-- This site is optimized with the Yoast SEO plugin v27.2 - https:\/\/yoast.com\/product\/yoast-seo-wordpress\/ -->\n<title>Secteur Sante | Foodbuy Canada<\/title>\n<meta name=\"description\" content=\"Foodbuy maximise la valeur en fournissant des produits de qualit\u00e9 sup\u00e9rieure qui r\u00e9pondent \u00e0 vos crit\u00e8res de sant\u00e9 et de bien-\u00eatre et des services qui assureront le bon fonctionnement de votre entreprise au moindre co\u00fbt.\" \/>\n<meta name=\"robots\" content=\"index, follow, max-snippet:-1, max-image-preview:large, max-video-preview:-1\" \/>\n<link rel=\"canonical\" href=\"https:\/\/www.foodbuy.ca\/fr\/clients\/secteur-sante\/\" \/>\n<meta property=\"og:locale\" content=\"fr_FR\" \/>\n<meta property=\"og:type\" content=\"article\" \/>\n<meta property=\"og:title\" content=\"Secteur Sante | Foodbuy Canada\" \/>\n<meta property=\"og:description\" content=\"Foodbuy maximise la valeur en fournissant des produits de qualit\u00e9 sup\u00e9rieure qui r\u00e9pondent \u00e0 vos crit\u00e8res de sant\u00e9 et de bien-\u00eatre et des services qui assureront le bon fonctionnement de votre entreprise au moindre co\u00fbt.\" \/>\n<meta property=\"og:url\" content=\"https:\/\/www.foodbuy.ca\/fr\/clients\/secteur-sante\/\" \/>\n<meta property=\"og:site_name\" content=\"Foodbuy Canada\" \/>\n<meta property=\"article:modified_time\" content=\"2025-03-12T12:38:45+00:00\" \/>\n<meta name=\"twitter:card\" content=\"summary_large_image\" \/>\n<script type=\"application\/ld+json\" class=\"yoast-schema-graph\">{\"@context\":\"https:\/\/schema.org\",\"@graph\":[{\"@type\":\"WebPage\",\"@id\":\"https:\/\/www.foodbuy.ca\/fr\/clients\/secteur-sante\/\",\"url\":\"https:\/\/www.foodbuy.ca\/fr\/clients\/secteur-sante\/\",\"name\":\"Secteur Sante | Foodbuy Canada\",\"isPartOf\":{\"@id\":\"https:\/\/www.foodbuy.ca\/fr\/#website\"},\"datePublished\":\"2023-05-30T08:35:12+00:00\",\"dateModified\":\"2025-03-12T12:38:45+00:00\",\"description\":\"Foodbuy maximise la valeur en fournissant des produits de qualit\u00e9 sup\u00e9rieure qui r\u00e9pondent \u00e0 vos crit\u00e8res de sant\u00e9 et de bien-\u00eatre et des services qui assureront le bon fonctionnement de votre entreprise au moindre co\u00fbt.\",\"breadcrumb\":{\"@id\":\"https:\/\/www.foodbuy.ca\/fr\/clients\/secteur-sante\/#breadcrumb\"},\"inLanguage\":\"fr-FR\",\"potentialAction\":[{\"@type\":\"ReadAction\",\"target\":[\"https:\/\/www.foodbuy.ca\/fr\/clients\/secteur-sante\/\"]}]},{\"@type\":\"BreadcrumbList\",\"@id\":\"https:\/\/www.foodbuy.ca\/fr\/clients\/secteur-sante\/#breadcrumb\",\"itemListElement\":[{\"@type\":\"ListItem\",\"position\":1,\"name\":\"Accueil\",\"item\":\"https:\/\/www.foodbuy.ca\/fr\/\"},{\"@type\":\"ListItem\",\"position\":2,\"name\":\"Clients\",\"item\":\"https:\/\/www.foodbuy.ca\/fr\/clients\/\"},{\"@type\":\"ListItem\",\"position\":3,\"name\":\"Secteur Sante\"}]},{\"@type\":\"WebSite\",\"@id\":\"https:\/\/www.foodbuy.ca\/fr\/#website\",\"url\":\"https:\/\/www.foodbuy.ca\/fr\/\",\"name\":\"Foodbuy Canada\",\"description\":\"\",\"publisher\":{\"@id\":\"https:\/\/www.foodbuy.ca\/fr\/#organization\"},\"potentialAction\":[{\"@type\":\"SearchAction\",\"target\":{\"@type\":\"EntryPoint\",\"urlTemplate\":\"https:\/\/www.foodbuy.ca\/fr\/?s={search_term_string}\"},\"query-input\":{\"@type\":\"PropertyValueSpecification\",\"valueRequired\":true,\"valueName\":\"search_term_string\"}}],\"inLanguage\":\"fr-FR\"},{\"@type\":\"Organization\",\"@id\":\"https:\/\/www.foodbuy.ca\/fr\/#organization\",\"name\":\"Foodbuy\",\"url\":\"https:\/\/www.foodbuy.ca\/fr\/\",\"logo\":{\"@type\":\"ImageObject\",\"inLanguage\":\"fr-FR\",\"@id\":\"https:\/\/www.foodbuy.ca\/fr\/#\/schema\/logo\/image\/\",\"url\":\"https:\/\/foodbuy.wpengine.com\/wp-content\/uploads\/2021\/12\/Foodbuy_USA_Open_Graph_Image.jpg\",\"contentUrl\":\"https:\/\/foodbuy.wpengine.com\/wp-content\/uploads\/2021\/12\/Foodbuy_USA_Open_Graph_Image.jpg\",\"width\":1200,\"height\":630,\"caption\":\"Foodbuy\"},\"image\":{\"@id\":\"https:\/\/www.foodbuy.ca\/fr\/#\/schema\/logo\/image\/\"}}]}<\/script>\n<!-- \/ Yoast SEO plugin. -->","yoast_head_json":{"title":"Secteur Sante | Foodbuy Canada","description":"Foodbuy maximise la valeur en fournissant des produits de qualit\u00e9 sup\u00e9rieure qui r\u00e9pondent \u00e0 vos crit\u00e8res de sant\u00e9 et de bien-\u00eatre et des services qui assureront le bon fonctionnement de votre entreprise au moindre co\u00fbt.","robots":{"index":"index","follow":"follow","max-snippet":"max-snippet:-1","max-image-preview":"max-image-preview:large","max-video-preview":"max-video-preview:-1"},"canonical":"https:\/\/www.foodbuy.ca\/fr\/clients\/secteur-sante\/","og_locale":"fr_FR","og_type":"article","og_title":"Secteur Sante | Foodbuy Canada","og_description":"Foodbuy maximise la valeur en fournissant des produits de qualit\u00e9 sup\u00e9rieure qui r\u00e9pondent \u00e0 vos crit\u00e8res de sant\u00e9 et de bien-\u00eatre et des services qui assureront le bon fonctionnement de votre entreprise au moindre co\u00fbt.","og_url":"https:\/\/www.foodbuy.ca\/fr\/clients\/secteur-sante\/","og_site_name":"Foodbuy Canada","article_modified_time":"2025-03-12T12:38:45+00:00","twitter_card":"summary_large_image","schema":{"@context":"https:\/\/schema.org","@graph":[{"@type":"WebPage","@id":"https:\/\/www.foodbuy.ca\/fr\/clients\/secteur-sante\/","url":"https:\/\/www.foodbuy.ca\/fr\/clients\/secteur-sante\/","name":"Secteur Sante | Foodbuy Canada","isPartOf":{"@id":"https:\/\/www.foodbuy.ca\/fr\/#website"},"datePublished":"2023-05-30T08:35:12+00:00","dateModified":"2025-03-12T12:38:45+00:00","description":"Foodbuy maximise la valeur en fournissant des produits de qualit\u00e9 sup\u00e9rieure qui r\u00e9pondent \u00e0 vos crit\u00e8res de sant\u00e9 et de bien-\u00eatre et des services qui assureront le bon fonctionnement de votre entreprise au moindre co\u00fbt.","breadcrumb":{"@id":"https:\/\/www.foodbuy.ca\/fr\/clients\/secteur-sante\/#breadcrumb"},"inLanguage":"fr-FR","potentialAction":[{"@type":"ReadAction","target":["https:\/\/www.foodbuy.ca\/fr\/clients\/secteur-sante\/"]}]},{"@type":"BreadcrumbList","@id":"https:\/\/www.foodbuy.ca\/fr\/clients\/secteur-sante\/#breadcrumb","itemListElement":[{"@type":"ListItem","position":1,"name":"Accueil","item":"https:\/\/www.foodbuy.ca\/fr\/"},{"@type":"ListItem","position":2,"name":"Clients","item":"https:\/\/www.foodbuy.ca\/fr\/clients\/"},{"@type":"ListItem","position":3,"name":"Secteur Sante"}]},{"@type":"WebSite","@id":"https:\/\/www.foodbuy.ca\/fr\/#website","url":"https:\/\/www.foodbuy.ca\/fr\/","name":"Foodbuy Canada","description":"","publisher":{"@id":"https:\/\/www.foodbuy.ca\/fr\/#organization"},"potentialAction":[{"@type":"SearchAction","target":{"@type":"EntryPoint","urlTemplate":"https:\/\/www.foodbuy.ca\/fr\/?s={search_term_string}"},"query-input":{"@type":"PropertyValueSpecification","valueRequired":true,"valueName":"search_term_string"}}],"inLanguage":"fr-FR"},{"@type":"Organization","@id":"https:\/\/www.foodbuy.ca\/fr\/#organization","name":"Foodbuy","url":"https:\/\/www.foodbuy.ca\/fr\/","logo":{"@type":"ImageObject","inLanguage":"fr-FR","@id":"https:\/\/www.foodbuy.ca\/fr\/#\/schema\/logo\/image\/","url":"https:\/\/foodbuy.wpengine.com\/wp-content\/uploads\/2021\/12\/Foodbuy_USA_Open_Graph_Image.jpg","contentUrl":"https:\/\/foodbuy.wpengine.com\/wp-content\/uploads\/2021\/12\/Foodbuy_USA_Open_Graph_Image.jpg","width":1200,"height":630,"caption":"Foodbuy"},"image":{"@id":"https:\/\/www.foodbuy.ca\/fr\/#\/schema\/logo\/image\/"}}]}},"_links":{"self":[{"href":"https:\/\/www.foodbuy.ca\/fr\/wp-json\/wp\/v2\/pages\/18719","targetHints":{"allow":["GET"]}}],"collection":[{"href":"https:\/\/www.foodbuy.ca\/fr\/wp-json\/wp\/v2\/pages"}],"about":[{"href":"https:\/\/www.foodbuy.ca\/fr\/wp-json\/wp\/v2\/types\/page"}],"author":[{"embeddable":true,"href":"https:\/\/www.foodbuy.ca\/fr\/wp-json\/wp\/v2\/users\/74"}],"replies":[{"embeddable":true,"href":"https:\/\/www.foodbuy.ca\/fr\/wp-json\/wp\/v2\/comments?post=18719"}],"version-history":[{"count":0,"href":"https:\/\/www.foodbuy.ca\/fr\/wp-json\/wp\/v2\/pages\/18719\/revisions"}],"up":[{"embeddable":true,"href":"https:\/\/www.foodbuy.ca\/fr\/wp-json\/wp\/v2\/pages\/18717"}],"wp:attachment":[{"href":"https:\/\/www.foodbuy.ca\/fr\/wp-json\/wp\/v2\/media?parent=18719"}],"curies":[{"name":"wp","href":"https:\/\/api.w.org\/{rel}","templated":true}]}}