{"id":18710,"date":"2023-05-29T08:07:16","date_gmt":"2023-05-29T12:07:16","guid":{"rendered":"https:\/\/foodbuycanadev.wpengine.com\/solutions\/"},"modified":"2024-01-15T16:05:22","modified_gmt":"2024-01-15T21:05:22","slug":"solutions","status":"publish","type":"page","link":"https:\/\/www.foodbuy.ca\/fr\/solutions\/","title":{"rendered":"Solutions"},"content":{"rendered":"","protected":false},"excerpt":{"rendered":"<p>Nous associons des solutions d&rsquo;approvisionnement de classe mondiale \u00e0 des outils de reporting puissants pour vous permettre de conna\u00eetre les activit\u00e9s d&rsquo;aujourd&rsquo;hui et les opportunit\u00e9s de demain.<\/p>\n","protected":false},"author":74,"featured_media":17358,"parent":0,"menu_order":0,"comment_status":"closed","ping_status":"closed","template":"","meta":{"_acf_changed":false,"footnotes":""},"class_list":["post-18710","page","type-page","status-publish","has-post-thumbnail","hentry"],"acf":[],"yoast_head":"<!-- This site is optimized with the Yoast SEO plugin v27.5 - https:\/\/yoast.com\/product\/yoast-seo-wordpress\/ -->\n<title>Solutions et services | Foodbuy Canada<\/title>\n<meta name=\"description\" content=\"Foodbuy associe des solutions d&#039;approvisionnement de classe mondiale \u00e0 des outils de reporting puissants pour vous permettre de suivre l&#039;activit\u00e9 d&#039;aujourd&#039;hui et les opportunit\u00e9s de demain.\" \/>\n<meta name=\"robots\" content=\"index, follow, max-snippet:-1, max-image-preview:large, max-video-preview:-1\" \/>\n<link rel=\"canonical\" href=\"https:\/\/www.foodbuy.ca\/fr\/solutions\/\" \/>\n<meta property=\"og:locale\" content=\"fr_FR\" \/>\n<meta property=\"og:type\" content=\"article\" \/>\n<meta property=\"og:title\" content=\"Solutions et services | Foodbuy Canada\" \/>\n<meta property=\"og:description\" content=\"Foodbuy associe des solutions d&#039;approvisionnement de classe mondiale \u00e0 des outils de reporting puissants pour vous permettre de suivre l&#039;activit\u00e9 d&#039;aujourd&#039;hui et les opportunit\u00e9s de demain.\" \/>\n<meta property=\"og:url\" content=\"https:\/\/www.foodbuy.ca\/fr\/solutions\/\" \/>\n<meta property=\"og:site_name\" content=\"Foodbuy Canada\" \/>\n<meta property=\"article:modified_time\" content=\"2024-01-15T21:05:22+00:00\" \/>\n<meta property=\"og:image\" content=\"https:\/\/www.foodbuy.ca\/wp-content\/uploads\/2018\/09\/Services-main-3.jpg\" \/>\n\t<meta property=\"og:image:width\" content=\"1600\" \/>\n\t<meta property=\"og:image:height\" content=\"988\" \/>\n\t<meta property=\"og:image:type\" content=\"image\/jpeg\" \/>\n<meta name=\"twitter:card\" content=\"summary_large_image\" \/>\n<script type=\"application\/ld+json\" class=\"yoast-schema-graph\">{\"@context\":\"https:\\\/\\\/schema.org\",\"@graph\":[{\"@type\":\"WebPage\",\"@id\":\"https:\\\/\\\/www.foodbuy.ca\\\/fr\\\/solutions\\\/\",\"url\":\"https:\\\/\\\/www.foodbuy.ca\\\/fr\\\/solutions\\\/\",\"name\":\"Solutions et services | Foodbuy Canada\",\"isPartOf\":{\"@id\":\"https:\\\/\\\/www.foodbuy.ca\\\/fr\\\/#website\"},\"primaryImageOfPage\":{\"@id\":\"https:\\\/\\\/www.foodbuy.ca\\\/fr\\\/solutions\\\/#primaryimage\"},\"image\":{\"@id\":\"https:\\\/\\\/www.foodbuy.ca\\\/fr\\\/solutions\\\/#primaryimage\"},\"thumbnailUrl\":\"https:\\\/\\\/www.foodbuy.ca\\\/wp-content\\\/uploads\\\/2018\\\/09\\\/Services-main-3.jpg\",\"datePublished\":\"2023-05-29T12:07:16+00:00\",\"dateModified\":\"2024-01-15T21:05:22+00:00\",\"description\":\"Foodbuy associe des solutions d'approvisionnement de classe mondiale \u00e0 des outils de reporting puissants pour vous permettre de suivre l'activit\u00e9 d'aujourd'hui et les opportunit\u00e9s de demain.\",\"breadcrumb\":{\"@id\":\"https:\\\/\\\/www.foodbuy.ca\\\/fr\\\/solutions\\\/#breadcrumb\"},\"inLanguage\":\"fr-FR\",\"potentialAction\":[{\"@type\":\"ReadAction\",\"target\":[\"https:\\\/\\\/www.foodbuy.ca\\\/fr\\\/solutions\\\/\"]}]},{\"@type\":\"ImageObject\",\"inLanguage\":\"fr-FR\",\"@id\":\"https:\\\/\\\/www.foodbuy.ca\\\/fr\\\/solutions\\\/#primaryimage\",\"url\":\"https:\\\/\\\/www.foodbuy.ca\\\/wp-content\\\/uploads\\\/2018\\\/09\\\/Services-main-3.jpg\",\"contentUrl\":\"https:\\\/\\\/www.foodbuy.ca\\\/wp-content\\\/uploads\\\/2018\\\/09\\\/Services-main-3.jpg\",\"width\":1600,\"height\":988},{\"@type\":\"BreadcrumbList\",\"@id\":\"https:\\\/\\\/www.foodbuy.ca\\\/fr\\\/solutions\\\/#breadcrumb\",\"itemListElement\":[{\"@type\":\"ListItem\",\"position\":1,\"name\":\"Accueil\",\"item\":\"https:\\\/\\\/www.foodbuy.ca\\\/fr\\\/\"},{\"@type\":\"ListItem\",\"position\":2,\"name\":\"Solutions\"}]},{\"@type\":\"WebSite\",\"@id\":\"https:\\\/\\\/www.foodbuy.ca\\\/fr\\\/#website\",\"url\":\"https:\\\/\\\/www.foodbuy.ca\\\/fr\\\/\",\"name\":\"Foodbuy Canada\",\"description\":\"\",\"publisher\":{\"@id\":\"https:\\\/\\\/www.foodbuy.ca\\\/fr\\\/#organization\"},\"potentialAction\":[{\"@type\":\"SearchAction\",\"target\":{\"@type\":\"EntryPoint\",\"urlTemplate\":\"https:\\\/\\\/www.foodbuy.ca\\\/fr\\\/?s={search_term_string}\"},\"query-input\":{\"@type\":\"PropertyValueSpecification\",\"valueRequired\":true,\"valueName\":\"search_term_string\"}}],\"inLanguage\":\"fr-FR\"},{\"@type\":\"Organization\",\"@id\":\"https:\\\/\\\/www.foodbuy.ca\\\/fr\\\/#organization\",\"name\":\"Foodbuy\",\"url\":\"https:\\\/\\\/www.foodbuy.ca\\\/fr\\\/\",\"logo\":{\"@type\":\"ImageObject\",\"inLanguage\":\"fr-FR\",\"@id\":\"https:\\\/\\\/www.foodbuy.ca\\\/fr\\\/#\\\/schema\\\/logo\\\/image\\\/\",\"url\":\"https:\\\/\\\/www.foodbuy.ca\\\/wp-content\\\/uploads\\\/2021\\\/12\\\/Foodbuy_USA_Open_Graph_Image.jpg\",\"contentUrl\":\"https:\\\/\\\/www.foodbuy.ca\\\/wp-content\\\/uploads\\\/2021\\\/12\\\/Foodbuy_USA_Open_Graph_Image.jpg\",\"width\":1200,\"height\":630,\"caption\":\"Foodbuy\"},\"image\":{\"@id\":\"https:\\\/\\\/www.foodbuy.ca\\\/fr\\\/#\\\/schema\\\/logo\\\/image\\\/\"}}]}<\/script>\n<!-- \/ Yoast SEO plugin. -->","yoast_head_json":{"title":"Solutions et services | Foodbuy Canada","description":"Foodbuy associe des solutions d'approvisionnement de classe mondiale \u00e0 des outils de reporting puissants pour vous permettre de suivre l'activit\u00e9 d'aujourd'hui et les opportunit\u00e9s de demain.","robots":{"index":"index","follow":"follow","max-snippet":"max-snippet:-1","max-image-preview":"max-image-preview:large","max-video-preview":"max-video-preview:-1"},"canonical":"https:\/\/www.foodbuy.ca\/fr\/solutions\/","og_locale":"fr_FR","og_type":"article","og_title":"Solutions et services | Foodbuy Canada","og_description":"Foodbuy associe des solutions d'approvisionnement de classe mondiale \u00e0 des outils de reporting puissants pour vous permettre de suivre l'activit\u00e9 d'aujourd'hui et les opportunit\u00e9s de demain.","og_url":"https:\/\/www.foodbuy.ca\/fr\/solutions\/","og_site_name":"Foodbuy Canada","article_modified_time":"2024-01-15T21:05:22+00:00","og_image":[{"width":1600,"height":988,"url":"https:\/\/www.foodbuy.ca\/wp-content\/uploads\/2018\/09\/Services-main-3.jpg","type":"image\/jpeg"}],"twitter_card":"summary_large_image","schema":{"@context":"https:\/\/schema.org","@graph":[{"@type":"WebPage","@id":"https:\/\/www.foodbuy.ca\/fr\/solutions\/","url":"https:\/\/www.foodbuy.ca\/fr\/solutions\/","name":"Solutions et services | Foodbuy Canada","isPartOf":{"@id":"https:\/\/www.foodbuy.ca\/fr\/#website"},"primaryImageOfPage":{"@id":"https:\/\/www.foodbuy.ca\/fr\/solutions\/#primaryimage"},"image":{"@id":"https:\/\/www.foodbuy.ca\/fr\/solutions\/#primaryimage"},"thumbnailUrl":"https:\/\/www.foodbuy.ca\/wp-content\/uploads\/2018\/09\/Services-main-3.jpg","datePublished":"2023-05-29T12:07:16+00:00","dateModified":"2024-01-15T21:05:22+00:00","description":"Foodbuy associe des solutions d'approvisionnement de classe mondiale \u00e0 des outils de reporting puissants pour vous permettre de suivre l'activit\u00e9 d'aujourd'hui et les opportunit\u00e9s de demain.","breadcrumb":{"@id":"https:\/\/www.foodbuy.ca\/fr\/solutions\/#breadcrumb"},"inLanguage":"fr-FR","potentialAction":[{"@type":"ReadAction","target":["https:\/\/www.foodbuy.ca\/fr\/solutions\/"]}]},{"@type":"ImageObject","inLanguage":"fr-FR","@id":"https:\/\/www.foodbuy.ca\/fr\/solutions\/#primaryimage","url":"https:\/\/www.foodbuy.ca\/wp-content\/uploads\/2018\/09\/Services-main-3.jpg","contentUrl":"https:\/\/www.foodbuy.ca\/wp-content\/uploads\/2018\/09\/Services-main-3.jpg","width":1600,"height":988},{"@type":"BreadcrumbList","@id":"https:\/\/www.foodbuy.ca\/fr\/solutions\/#breadcrumb","itemListElement":[{"@type":"ListItem","position":1,"name":"Accueil","item":"https:\/\/www.foodbuy.ca\/fr\/"},{"@type":"ListItem","position":2,"name":"Solutions"}]},{"@type":"WebSite","@id":"https:\/\/www.foodbuy.ca\/fr\/#website","url":"https:\/\/www.foodbuy.ca\/fr\/","name":"Foodbuy Canada","description":"","publisher":{"@id":"https:\/\/www.foodbuy.ca\/fr\/#organization"},"potentialAction":[{"@type":"SearchAction","target":{"@type":"EntryPoint","urlTemplate":"https:\/\/www.foodbuy.ca\/fr\/?s={search_term_string}"},"query-input":{"@type":"PropertyValueSpecification","valueRequired":true,"valueName":"search_term_string"}}],"inLanguage":"fr-FR"},{"@type":"Organization","@id":"https:\/\/www.foodbuy.ca\/fr\/#organization","name":"Foodbuy","url":"https:\/\/www.foodbuy.ca\/fr\/","logo":{"@type":"ImageObject","inLanguage":"fr-FR","@id":"https:\/\/www.foodbuy.ca\/fr\/#\/schema\/logo\/image\/","url":"https:\/\/www.foodbuy.ca\/wp-content\/uploads\/2021\/12\/Foodbuy_USA_Open_Graph_Image.jpg","contentUrl":"https:\/\/www.foodbuy.ca\/wp-content\/uploads\/2021\/12\/Foodbuy_USA_Open_Graph_Image.jpg","width":1200,"height":630,"caption":"Foodbuy"},"image":{"@id":"https:\/\/www.foodbuy.ca\/fr\/#\/schema\/logo\/image\/"}}]}},"_links":{"self":[{"href":"https:\/\/www.foodbuy.ca\/fr\/wp-json\/wp\/v2\/pages\/18710","targetHints":{"allow":["GET"]}}],"collection":[{"href":"https:\/\/www.foodbuy.ca\/fr\/wp-json\/wp\/v2\/pages"}],"about":[{"href":"https:\/\/www.foodbuy.ca\/fr\/wp-json\/wp\/v2\/types\/page"}],"author":[{"embeddable":true,"href":"https:\/\/www.foodbuy.ca\/fr\/wp-json\/wp\/v2\/users\/74"}],"replies":[{"embeddable":true,"href":"https:\/\/www.foodbuy.ca\/fr\/wp-json\/wp\/v2\/comments?post=18710"}],"version-history":[{"count":0,"href":"https:\/\/www.foodbuy.ca\/fr\/wp-json\/wp\/v2\/pages\/18710\/revisions"}],"wp:featuredmedia":[{"embeddable":true,"href":"https:\/\/www.foodbuy.ca\/fr\/wp-json\/wp\/v2\/media\/17358"}],"wp:attachment":[{"href":"https:\/\/www.foodbuy.ca\/fr\/wp-json\/wp\/v2\/media?parent=18710"}],"curies":[{"name":"wp","href":"https:\/\/api.w.org\/{rel}","templated":true}]}}